{"id":122,"date":"2025-09-18T10:17:30","date_gmt":"2025-09-18T10:17:30","guid":{"rendered":"https:\/\/tttest8.bodyspace.pl\/?page_id=122"},"modified":"2025-09-29T09:34:40","modified_gmt":"2025-09-29T07:34:40","slug":"grafik","status":"publish","type":"page","link":"https:\/\/tttest8.bodyspace.pl\/index.php\/grafik\/","title":{"rendered":"GRAFIK"},"content":{"rendered":"\t\t<div data-elementor-type=\"wp-page\" data-elementor-id=\"122\" class=\"elementor elementor-122\" data-elementor-post-type=\"page\">\n\t\t\t\t<div class=\"elementor-element elementor-element-f219489 e-flex e-con-boxed e-con e-parent\" data-id=\"f219489\" data-element_type=\"container\" data-settings=\"{&quot;background_background&quot;:&quot;classic&quot;}\">\n\t\t\t\t\t<div class=\"e-con-inner\">\n\t\t\t\t\t<\/div>\n\t\t\t\t<\/div>\n\t\t<div class=\"elementor-element elementor-element-9ed7906 e-flex e-con-boxed e-con e-parent\" data-id=\"9ed7906\" data-element_type=\"container\">\n\t\t\t\t\t<div class=\"e-con-inner\">\n\t\t\t\t<div class=\"elementor-element elementor-element-a5e2024 elementor-widget elementor-widget-heading\" data-id=\"a5e2024\" data-element_type=\"widget\" data-widget_type=\"heading.default\">\n\t\t\t\t\t<h2 class=\"elementor-heading-title elementor-size-default\">GRAFIK ZAJ\u0118\u0106 GRUPOWYCH<\/h2>\t\t\t\t<\/div>\n\t\t\t\t\t<\/div>\n\t\t\t\t<\/div>\n\t\t<div class=\"elementor-element elementor-element-fc16889 e-flex e-con-boxed e-con e-parent\" data-id=\"fc16889\" data-element_type=\"container\">\n\t\t\t\t\t<div class=\"e-con-inner\">\n\t\t\t\t<div class=\"elementor-element elementor-element-25fd153 elementor-widget elementor-widget-heading\" data-id=\"25fd153\" data-element_type=\"widget\" data-widget_type=\"heading.default\">\n\t\t\t\t\t<h2 class=\"elementor-heading-title elementor-size-default\">Wybierz dzie\u0144 i<br> sprawd\u017a dost\u0119pno\u015b\u0107 zaj\u0119\u0107<\/h2>\t\t\t\t<\/div>\n\t\t\t\t\t<\/div>\n\t\t\t\t<\/div>\n\t\t<div class=\"elementor-element elementor-element-347fc15 e-flex e-con-boxed e-con e-parent\" data-id=\"347fc15\" data-element_type=\"container\" data-settings=\"{&quot;background_background&quot;:&quot;classic&quot;}\">\n\t\t\t\t\t<div class=\"e-con-inner\">\n\t\t<div class=\"elementor-element elementor-element-b3fc8fb e-grid e-con-full e-con e-child\" data-id=\"b3fc8fb\" data-element_type=\"container\">\n\t\t\t\t<div class=\"elementor-element elementor-element-dd2a4c9 elementor-widget elementor-widget-heading\" data-id=\"dd2a4c9\" data-element_type=\"widget\" data-widget_type=\"heading.default\">\n\t\t\t\t\t<h2 class=\"elementor-heading-title elementor-size-default\"><section class=\"N\">Poniedzia\u0142ek<\/section><br>\n<b>18.00<\/b> \u2013 TRENING PRZYSZ\u0141O\u015aCI (grupowy trening w kapsu\u0142kach Body Space) <br><Br>\n<b>18.30<\/b> \u2013 Trening obwodowy <br><Br>\n<b>19.00<\/b> \u2013 GRUPOWY EMS (dodatkowo p\u0142atny) <br><BR>\n<b>20.00<\/b> \u2013 Trampoliny \u2013 Wyskacz kalorie!<\/h2>\t\t\t\t<\/div>\n\t\t\t\t<div class=\"elementor-element elementor-element-a58fc3e elementor-widget elementor-widget-heading\" data-id=\"a58fc3e\" data-element_type=\"widget\" data-widget_type=\"heading.default\">\n\t\t\t\t\t<h2 class=\"elementor-heading-title elementor-size-default\"><section class=\"N\">Wtorek<\/section><br>\n<b>18.00<\/b> \u2013 TRENING PRZYSZ\u0141O\u015aCI (grupowy trening w kapsu\u0142kach Body Space)<br> <br>\n<b>19.00<\/b> \u2013 GRUPOWY EMS (dodatkowo p\u0142atny)<br><br>\n<b>20.00<\/b> \u2013 TRENING ABS<\/h2>\t\t\t\t<\/div>\n\t\t\t\t<div class=\"elementor-element elementor-element-a912c1a elementor-widget elementor-widget-heading\" data-id=\"a912c1a\" data-element_type=\"widget\" data-widget_type=\"heading.default\">\n\t\t\t\t\t<h2 class=\"elementor-heading-title elementor-size-default\"><section class=\"N\">\u015aroda<\/section><br>\n<b>18.00<\/b> \u2013 TRENING PRZYSZ\u0141O\u015aCI (grupowy trening w kapsu\u0142kach Body Space)<br> <br>\n\n<b>18.45<\/b> \u2013 Seksowne po\u015bladki <br><br>\n<b>19.30<\/b> \u2013 Zumba<\/h2>\t\t\t\t<\/div>\n\t\t\t\t<\/div>\n\t\t<div class=\"elementor-element elementor-element-77112b1 e-grid e-con-full e-con e-child\" data-id=\"77112b1\" data-element_type=\"container\">\n\t\t\t\t<div class=\"elementor-element elementor-element-3ea7949 elementor-widget elementor-widget-heading\" data-id=\"3ea7949\" data-element_type=\"widget\" data-widget_type=\"heading.default\">\n\t\t\t\t\t<h2 class=\"elementor-heading-title elementor-size-default\"><section class=\"N\">Czwartek<\/section><br>\n<b>18.00<\/b> \u2013 TRENING PRZYSZ\u0141O\u015aCI (grupowy trening w kapsu\u0142kach Body Space) <br><br>\n<b>19.00<\/b> \u2013 GRUPOWY EMS (dodatkowo p\u0142atny)<br><br>\n<b>20.00<\/b> \u2013 Turbo Tabata<\/h2>\t\t\t\t<\/div>\n\t\t\t\t<div class=\"elementor-element elementor-element-6a90e3d elementor-widget elementor-widget-heading\" data-id=\"6a90e3d\" data-element_type=\"widget\" data-widget_type=\"heading.default\">\n\t\t\t\t\t<h2 class=\"elementor-heading-title elementor-size-default\"><section class=\"N\">Pi\u0105tek<\/section><br>\n<b>18.00<\/b> \u2013 TRENING PRZYSZ\u0141O\u015aCI (grupowy trening w kapsu\u0142kach Body Space)<br><br>\n<b>18.40<\/b> \u2013 Slim Dance w pasach wyszczuplaj\u0105cych<\/h2>\t\t\t\t<\/div>\n\t\t\t\t<div class=\"elementor-element elementor-element-7f14065 elementor-widget elementor-widget-heading\" data-id=\"7f14065\" data-element_type=\"widget\" data-widget_type=\"heading.default\">\n\t\t\t\t\t<h2 class=\"elementor-heading-title elementor-size-default\"><section class=\"N\">Sobota<\/section><br>\n<b>09.00<\/b> \u2013 TRENING PRZYSZ\u0141O\u015aCI (grupowy trening w kapsu\u0142kach Body Space) <br><br>\n<b>10.00<\/b> \u2013 Rozci\u0105ganie<\/h2>\t\t\t\t<\/div>\n\t\t\t\t<\/div>\n\t\t\t\t\t<\/div>\n\t\t\t\t<\/div>\n\t\t\t\t<\/div>\n\t\t","protected":false},"excerpt":{"rendered":"<p>GRAFIK ZAJ\u0118\u0106 GRUPOWYCH Wybierz dzie\u0144 i sprawd\u017a dost\u0119pno\u015b\u0107 zaj\u0119\u0107 Poniedzia\u0142ek 18.00 \u2013 TRENING PRZYSZ\u0141O\u015aCI (grupowy trening w kapsu\u0142kach Body Space) [&hellip;]<\/p>\n","protected":false},"author":1,"featured_media":0,"parent":0,"menu_order":0,"comment_status":"closed","ping_status":"closed","template":"","meta":{"_uag_custom_page_level_css":"","site-sidebar-layout":"no-sidebar","site-content-layout":"","ast-site-content-layout":"full-width-container","site-content-style":"default","site-sidebar-style":"default","ast-global-header-display":"","ast-banner-title-visibility":"","ast-main-header-display":"","ast-hfb-above-header-display":"","ast-hfb-below-header-display":"","ast-hfb-mobile-header-display":"","site-post-title":"disabled","ast-breadcrumbs-content":"","ast-featured-img":"disabled","footer-sml-layout":"","theme-transparent-header-meta":"","adv-header-id-meta":"","stick-header-meta":"","header-above-stick-meta":"","header-main-stick-meta":"","header-below-stick-meta":"","astra-migrate-meta-layouts":"default","ast-page-background-enabled":"default","ast-page-background-meta":{"desktop":{"background-color":"var(--ast-global-color-5)","background-image":"","background-repeat":"repeat","background-position":"center center","background-size":"auto","background-attachment":"scroll","background-type":"","background-media":"","overlay-type":"","overlay-color":"","overlay-opacity":"","overlay-gradient":""},"tablet":{"background-color":"","background-image":"","background-repeat":"repeat","background-position":"center center","background-size":"auto","background-attachment":"scroll","background-type":"","background-media":"","overlay-type":"","overlay-color":"","overlay-opacity":"","overlay-gradient":""},"mobile":{"background-color":"","background-image":"","background-repeat":"repeat","background-position":"center center","background-size":"auto","background-attachment":"scroll","background-type":"","background-media":"","overlay-type":"","overlay-color":"","overlay-opacity":"","overlay-gradient":""}},"ast-content-background-meta":{"desktop":{"background-color":"var(--ast-global-color-4)","background-image":"","background-repeat":"repeat","background-position":"center center","background-size":"auto","background-attachment":"scroll","background-type":"","background-media":"","overlay-type":"","overlay-color":"","overlay-opacity":"","overlay-gradient":""},"tablet":{"background-color":"var(--ast-global-color-4)","background-image":"","background-repeat":"repeat","background-position":"center center","background-size":"auto","background-attachment":"scroll","background-type":"","background-media":"","overlay-type":"","overlay-color":"","overlay-opacity":"","overlay-gradient":""},"mobile":{"background-color":"var(--ast-global-color-4)","background-image":"","background-repeat":"repeat","background-position":"center center","background-size":"auto","background-attachment":"scroll","background-type":"","background-media":"","overlay-type":"","overlay-color":"","overlay-opacity":"","overlay-gradient":""}},"footnotes":""},"class_list":["post-122","page","type-page","status-publish","hentry"],"uagb_featured_image_src":{"full":false,"thumbnail":false,"medium":false,"medium_large":false,"large":false,"1536x1536":false,"2048x2048":false},"uagb_author_info":{"display_name":"admin","author_link":"https:\/\/tttest8.bodyspace.pl\/index.php\/author\/piotr_fzi4krfc\/"},"uagb_comment_info":0,"uagb_excerpt":"GRAFIK ZAJ\u0118\u0106 GRUPOWYCH Wybierz dzie\u0144 i sprawd\u017a dost\u0119pno\u015b\u0107 zaj\u0119\u0107 Poniedzia\u0142ek 18.00 \u2013 TRENING PRZYSZ\u0141O\u015aCI (grupowy trening w kapsu\u0142kach Body Space) [&hellip;]","_links":{"self":[{"href":"https:\/\/tttest8.bodyspace.pl\/index.php\/wp-json\/wp\/v2\/pages\/122","targetHints":{"allow":["GET"]}}],"collection":[{"href":"https:\/\/tttest8.bodyspace.pl\/index.php\/wp-json\/wp\/v2\/pages"}],"about":[{"href":"https:\/\/tttest8.bodyspace.pl\/index.php\/wp-json\/wp\/v2\/types\/page"}],"author":[{"embeddable":true,"href":"https:\/\/tttest8.bodyspace.pl\/index.php\/wp-json\/wp\/v2\/users\/1"}],"replies":[{"embeddable":true,"href":"https:\/\/tttest8.bodyspace.pl\/index.php\/wp-json\/wp\/v2\/comments?post=122"}],"version-history":[{"count":58,"href":"https:\/\/tttest8.bodyspace.pl\/index.php\/wp-json\/wp\/v2\/pages\/122\/revisions"}],"predecessor-version":[{"id":612,"href":"https:\/\/tttest8.bodyspace.pl\/index.php\/wp-json\/wp\/v2\/pages\/122\/revisions\/612"}],"wp:attachment":[{"href":"https:\/\/tttest8.bodyspace.pl\/index.php\/wp-json\/wp\/v2\/media?parent=122"}],"curies":[{"name":"wp","href":"https:\/\/api.w.org\/{rel}","templated":true}]}}